{"id":1839,"date":"2022-10-14T09:30:29","date_gmt":"2022-10-14T16:30:29","guid":{"rendered":"https:\/\/curefini.com\/politica-de-privacidad\/"},"modified":"2023-01-12T09:05:34","modified_gmt":"2023-01-12T17:05:34","slug":"politica-de-privacidad","status":"publish","type":"page","link":"https:\/\/curefini.com\/es\/politica-de-privacidad\/","title":{"rendered":"Pol\u00edtica de privacidad"},"content":{"rendered":"\t\t<div data-elementor-type=\"wp-page\" data-elementor-id=\"1839\" class=\"elementor elementor-1839 elementor-1290\" data-elementor-post-type=\"page\">\n\t\t\t\t\t\t<section class=\"elementor-section elementor-top-section elementor-element elementor-element-12b1f21 elementor-section-content-middle elementor-section-boxed elementor-section-height-default elementor-section-height-default\" data-id=\"12b1f21\" data-element_type=\"section\">\n\t\t\t\t\t\t<div class=\"elementor-container elementor-column-gap-wider\">\n\t\t\t\t\t<div class=\"elementor-column elementor-col-100 elementor-top-column elementor-element elementor-element-a96bea8\" data-id=\"a96bea8\" data-element_type=\"column\">\n\t\t\t<div class=\"elementor-widget-wrap elementor-element-populated\">\n\t\t\t\t\t\t<div class=\"elementor-element elementor-element-2b05c33 elementor-widget elementor-widget-heading\" data-id=\"2b05c33\" data-element_type=\"widget\" data-widget_type=\"heading.default\">\n\t\t\t\t<div class=\"elementor-widget-container\">\n\t\t\t\t\t<h2 class=\"elementor-heading-title elementor-size-default\">Pol\u00edtica de privacidad<\/h2>\t\t\t\t<\/div>\n\t\t\t\t<\/div>\n\t\t\t\t<div class=\"elementor-element elementor-element-3192196 elementor-widget elementor-widget-text-editor\" data-id=\"3192196\" data-element_type=\"widget\" data-widget_type=\"text-editor.default\">\n\t\t\t\t<div class=\"elementor-widget-container\">\n\t\t\t\t\t\t\t\t\t<p>\u00daltima actualizaci\u00f3n: 23 de febrero de 2021<\/p>\n<p>Rev Pharma, LLC (\u00abRev Pharma\u00bb, \u00abnosotros\u00bb, \u00abnuestro\u00bb, \u00abnos\u00bb) respeta los derechos de privacidad de sus visitantes en l\u00ednea (\u00abusted\u00bb \u00absu\u00bb, \u00absuyo\u00bb) y reconoce la importancia de proteger la informaci\u00f3n recopilada sobre ellos. La presente Pol\u00edtica de privacidad aborda el uso y la divulgaci\u00f3n de la informaci\u00f3n personal que recabamos de usted.<\/p>\n<p>Al visitar este Sitio, o al proporcionarnos su informaci\u00f3n, usted acepta las pr\u00e1cticas descritas en esta Pol\u00edtica de Privacidad y <a href=\"https:\/\/curefini.com\/es\/condiciones-de-uso\/\">[Terms of Use]<\/a>. <\/p>\n<p>Por favor, salga inmediatamente de este Sitio si no acepta esta Pol\u00edtica de Privacidad o si accede al Sitio desde un pa\u00eds u otro territorio en el que el uso del Sitio no est\u00e9 permitido.<\/p>\n<p>1. <b>Qu\u00e9 informaci\u00f3n recopila Rev Pharma<\/b>. Rev Pharma recopila y almacena informaci\u00f3n de los visitantes de este Sitio, incluidos aquellos que registran su informaci\u00f3n o que compran nuestros productos. \u00abInformaci\u00f3n personal\u00bb es la informaci\u00f3n que identifica, se refiere, describe, puede asociarse o podr\u00eda razonablemente vincularse, directa o indirectamente, con una persona concreta. Trataremos su informaci\u00f3n personal de acuerdo con la presente Pol\u00edtica de Privacidad y describimos a continuaci\u00f3n la informaci\u00f3n que podemos recopilar:<\/p>\n<ul class=\"list-privacy-policy\">\n<li><b>Identificadores<\/b>, que pueden incluir nombre, direcci\u00f3n, identificador en l\u00ednea o nombre de usuario, direcci\u00f3n de protocolo de Internet o direcci\u00f3n de correo electr\u00f3nico. Por ejemplo, cuando usted crea una cuenta, proporciona su nombre y apellidos, direcci\u00f3n de correo electr\u00f3nico y otros datos identificativos. Se utilizan para cumplir o satisfacer la raz\u00f3n por la que usted proporcion\u00f3 la informaci\u00f3n, para ponerse en contacto con usted en relaci\u00f3n con nuestro Sitio, para responder a una consulta, para la mejora de productos y servicios, para detectar posibles riesgos o fraudes, para proporcionar los productos y servicios que usted ha pedido o solicitado, para procesar y enviar pedidos, para enviar confirmaciones de pedidos y env\u00edos, para proporcionar servicio al cliente o marketing.<\/li>\n<li><b>Categor\u00edas de informaci\u00f3n personal contenidas en los registros de clientes<\/b>, que pueden incluir nombre, direcci\u00f3n, n\u00famero de tel\u00e9fono, n\u00famero de cuenta bancaria, n\u00famero de tarjeta de cr\u00e9dito, n\u00famero de tarjeta de d\u00e9bito o cualquier otra informaci\u00f3n financiera y de pago. Por ejemplo, necesitamos sus datos de pago cuando nos compra productos. Utilizamos esta informaci\u00f3n para cumplir o satisfacer la raz\u00f3n por la que usted proporcion\u00f3 la informaci\u00f3n, para ponernos en contacto con usted en relaci\u00f3n con nuestro Sitio, para responder a una consulta, para detectar posibles riesgos o fraudes, para proporcionar los productos y servicios que usted ha pedido o solicitado, para procesar y enviar pedidos, para enviar confirmaciones de pedidos y env\u00edos, para proporcionar servicio al cliente o marketing.<\/li>\n<li><b>Informaci\u00f3n comercial<\/b>, que puede incluir registros de servicios comprados, obtenidos o considerados, u otros historiales o tendencias de compra o consumo. Por ejemplo, hacemos un seguimiento de sus compras para crear un historial de compras. Utilizamos esta informaci\u00f3n para cumplir o satisfacer la raz\u00f3n por la que usted proporcion\u00f3 la informaci\u00f3n, para ponernos en contacto con usted en relaci\u00f3n con nuestro Sitio, para detectar posibles riesgos o fraudes, para responder a consultas, para proporcionar los productos y servicios que usted ha pedido o solicitado, para procesar y enviar pedidos, para enviar confirmaciones de pedidos y env\u00edos, para proporcionar servicio al cliente o marketing.<\/li>\n<li><b>Informaci\u00f3n sanitaria<\/b>, que puede incluir informaci\u00f3n sobre determinadas dolencias que est\u00e9 padeciendo. Por ejemplo, puede enviar sus experiencias con nuestros productos y facilitar informaci\u00f3n sobre su salud en nuestro formulario de contacto. Utilizamos esta informaci\u00f3n para cumplir o satisfacer la raz\u00f3n por la que nos proporcion\u00f3 la informaci\u00f3n, para responder a consultas o para proporcionar servicio al cliente.<\/li>\n<li><b>Actividad en Internet, t\u00e9cnica o en redes similares<\/b>, que puede incluir el uso y el historial de navegaci\u00f3n; direcci\u00f3n IP; informaci\u00f3n del dispositivo, incluidas sus propiedades; historial de b\u00fasqueda; informaci\u00f3n sobre su interacci\u00f3n con nuestro Sitio; y registros de errores. Utilizamos esta informaci\u00f3n para cumplir o satisfacer la raz\u00f3n por la que usted proporcion\u00f3 la informaci\u00f3n, para detectar posibles riesgos o fraudes, o para mejorar nuestro Sitio. Para m\u00e1s informaci\u00f3n, consulte la secci\u00f3n Cookies.<\/li>\n<li><b>Inferencias extra\u00eddas de otra informaci\u00f3n personal<\/b>, que puede incluir un perfil que refleje las preferencias, intereses, caracter\u00edsticas, tendencias psicol\u00f3gicas, predisposiciones, comportamiento, actitudes, inteligencia, capacidades y aptitudes de una persona. Utilizamos esta informaci\u00f3n para cumplir o satisfacer la raz\u00f3n por la que nos proporcion\u00f3 la informaci\u00f3n o para marketing.<\/li>\n<\/ul>\n<p>Su decisi\u00f3n de facilitar cualquier informaci\u00f3n personal es voluntaria. No obstante, tenga en cuenta que, si no facilita determinada informaci\u00f3n personal, es posible que no podamos cumplir algunos de los fines descritos en la presente Pol\u00edtica de Privacidad y que no pueda utilizar o acceder a determinados servicios de nuestro Sitio.<\/p>\n<p id=\"cookies\">2. <b>C\u00f3mo se recoge la informaci\u00f3n personal<\/b>. Recogemos informaci\u00f3n personal suya cuando navega por nuestro Sitio, se registra en \u00e9l, realiza un pedido, se pone en contacto con nosotros o introduce informaci\u00f3n en nuestro Sitio. Algunos ejemplos concretos de cu\u00e1ndo recopilamos informaci\u00f3n personal son los siguientes:<\/p>\n<ul class=\"list-privacy-policy\">\n<li>Al realizar un pedido o registrarse para obtener una cuenta en nuestro Sitio, seg\u00fan proceda, es posible que se le pida que introduzca su nombre, direcci\u00f3n de correo electr\u00f3nico, n\u00famero de tel\u00e9fono u otros datos que le ayuden en su experiencia.<\/li>\n<li>Cuando se suscribe a los boletines informativos, podemos recopilar su direcci\u00f3n de correo electr\u00f3nico y su n\u00famero de tel\u00e9fono m\u00f3vil.<\/li>\n<li>Cuando visita el Sitio, recopilamos autom\u00e1ticamente cierta informaci\u00f3n sobre su dispositivo, incluida informaci\u00f3n sobre su navegador web, direcci\u00f3n IP, zona horaria y algunas de las cookies que est\u00e1n instaladas en su dispositivo. Adem\u00e1s, a medida que navega por el sitio, recopilamos informaci\u00f3n sobre las p\u00e1ginas web o productos que visita, los sitios web o t\u00e9rminos de b\u00fasqueda que le han remitido al sitio y la forma en que interact\u00faa con el sitio.<\/li>\n<li>Cuando nos proporcione comentarios sobre nuestros productos o servicios.<\/li>\n<li>Adem\u00e1s, cuando realiza una compra o intenta realizarla a trav\u00e9s del Sitio, recopilamos determinada informaci\u00f3n sobre usted, como su nombre, direcci\u00f3n de facturaci\u00f3n, direcci\u00f3n de env\u00edo, informaci\u00f3n de pago (incluidos los n\u00fameros de las tarjetas de cr\u00e9dito), direcci\u00f3n de correo electr\u00f3nico y n\u00famero de tel\u00e9fono.<\/li>\n<\/ul>\n<p>3. <b>Cookies . <\/b> Como muchos sitios web, utilizamos \u00abcookies\u00bb, que son archivos almacenados en el disco duro de su ordenador por su navegador. Utilizamos cookies para saber qu\u00e9 p\u00e1ginas web se visitan y con qu\u00e9 frecuencia, para que nuestro sitio sea m\u00e1s f\u00e1cil de usar y para ofrecerle una mejor experiencia cuando vuelva al sitio. Por ejemplo, las cookies nos permiten guardar su contrase\u00f1a para que no tenga que volver a introducirla cada vez que visite nuestro Sitio. La mayor\u00eda de los navegadores aceptan cookies autom\u00e1ticamente, pero permiten desactivarlas. Por favor, compruebe su navegador y la configuraci\u00f3n del mismo para determinar d\u00f3nde se almacenan este tipo de cookies y si pueden eliminarse y c\u00f3mo. La Network Advertising Initiative tambi\u00e9n ofrece la posibilidad de rechazar una serie de cookies publicitarias. Visite www.networkadvertising.org para obtener m\u00e1s informaci\u00f3n. En cualquier caso, si rechaza nuestras cookies, podr\u00e1 seguir utilizando el Sitio, pero es posible que vea limitadas algunas de sus funciones. Tambi\u00e9n podemos trabajar con proveedores de servicios que utilizan cookies y balizas web para recopilar informaci\u00f3n y ofrecerle anuncios en Internet basados en dicha informaci\u00f3n.<\/p>\n<ul class=\"list-privacy-policy\">\n<li>Google Analytics. Para ayudar a facilitar la entrega de contenido relevante, utilizamos Google Analytics. Google Analytics utiliza cookies para elaborar informes sobre las interacciones de los usuarios en nuestros sitios web y en los de terceros. Utilizamos los datos recogidos para optimizar el marketing, perfeccionar las estrategias de publicidad y\/o programaci\u00f3n y, en general, mejorar la experiencia del usuario. Para obtener m\u00e1s informaci\u00f3n sobre Google Analytics y c\u00f3mo recopila y procesa los datos, visite: https:\/\/policies.google.com\/technologies\/partner-sites. En el siguiente enlace encontrar\u00e1 instrucciones sobre c\u00f3mo inhabilitar Google Analytics mediante un complemento espec\u00edfico: https:\/\/tools.google.com\/dlpage\/gaoptout. Tenga en cuenta que esta inhabilitaci\u00f3n es espec\u00edfica para las actividades de Google y no afecta a las actividades de otras redes publicitarias o proveedores de an\u00e1lisis que podamos utilizar.<\/li>\n<li>Facebook Analytics. Tambi\u00e9n utilizamos Facebook Analytics para medir su uso de nuestro Sitio, adaptarlo a sus intereses y mejorar nuestros productos y servicios. Tenga en cuenta que Facebook puede conectar estos datos con su cuenta de Facebook y utilizarlos para sus propios fines publicitarios, de acuerdo con la pol\u00edtica de datos de Facebook, que puede consultarse en Facebook.com\/about\/privacy\/. Haga clic en <a href=\"https:\/\/www.facebook.com\/settings\/?tab=ads#_=_\">[here]<\/a> si desea retirar su consentimiento.<\/li>\n<li>Instagram Analytics. Tambi\u00e9n utilizamos Instagram Analytics para medir la eficacia y la distribuci\u00f3n de nuestros anuncios y servicios. Puede consultar la pol\u00edtica de datos de Instagram <a href=\"https:\/\/help.instagram.com\/519522125107875\">[here]<\/a> y las opciones de exclusi\u00f3n voluntaria <a href=\"https:\/\/www.facebook.com\/help\/instagram\/2885653514995517?locale=en_US&amp;draft=2885653514995517\">[here]<\/a>.<\/li>\n<\/ul>\n<p>4. <b>Sus derechos en California<\/b>. En virtud de la legislaci\u00f3n de California, los clientes de Rev Pharma residentes en California pueden solicitar determinada informaci\u00f3n sobre la divulgaci\u00f3n por nuestra parte de informaci\u00f3n personal durante el a\u00f1o natural anterior a terceros para sus fines de marketing directo. No proporcionamos su informaci\u00f3n personal a terceros para sus fines de marketing directo.<\/p>\n<p>5.<b> C\u00f3mo respondemos a las se\u00f1ales Do Not Track<\/b>. La preferencia de privacidad \u00abDo Not Track\u00bb (\u00abDNT\u00bb) es una opci\u00f3n que se puede hacer en algunos navegadores web que le permite optar por no ser rastreado por sitios web y servicios en l\u00ednea. En este momento, la tecnolog\u00eda DNT est\u00e1ndar global a\u00fan no est\u00e1 finalizada y no todos los navegadores son compatibles con DNT. Por lo tanto, no reconocemos las se\u00f1ales DNT y no respondemos a ellas.<\/p>\n<p>6.<b> \u00bfSe recoge informaci\u00f3n de menores?<\/b> Este Sitio no est\u00e1 destinado ni dirigido a menores de 13 a\u00f1os. En caso de que nos enteremos de que una persona menor de 13 a\u00f1os nos ha proporcionado informaci\u00f3n personal, eliminaremos dicha informaci\u00f3n personal.<\/p>\n<p>7. <b>\u00bfRev Pharma comparte su informaci\u00f3n con terceros?<\/b> Podemos compartir o revelar su informaci\u00f3n personal a las siguientes categor\u00edas de terceros en los siguientes casos:<\/p>\n<ul class=\"list-privacy-policy\">\n<li>A terceros proveedores de servicios, agentes o contratistas independientes no afiliados que nos ayudan a mantener nuestro Sitio y nos prestan otros servicios administrativos (incluidos, entre otros, el procesamiento y la tramitaci\u00f3n de pedidos, la prestaci\u00f3n de servicios de atenci\u00f3n al cliente y el mantenimiento y an\u00e1lisis de datos). Intentamos garantizar que estos terceros no afiliados no utilicen la informaci\u00f3n personal para ning\u00fan otro fin que no sea prestar los servicios administrativos de los que son responsables. Dado que dichos proveedores de servicios externos no afiliados que nos ayudan a administrar nuestro Sitio tendr\u00e1n acceso a la informaci\u00f3n personal de los usuarios, si no desea que nuestros proveedores de servicios externos no afiliados tengan acceso a su informaci\u00f3n personal, no se registre ni nos env\u00ede ninguna informaci\u00f3n personal.<\/li>\n<li>A socios comerciales con los que mantenemos relaciones comerciales, como socios copromocionales, anunciantes, redes publicitarias y servicios de marketing de datos, para fines tales como la oferta de productos y servicios que puedan interesarle.<\/li>\n<li>Para cumplir con la ley o en la creencia de buena fe de que dicha acci\u00f3n es necesaria para cumplir con los requisitos de la ley o cumplir con el proceso legal que se nos ha notificado, proteger y defender nuestros derechos o propiedad, o actuar en circunstancias urgentes para proteger la seguridad personal de nuestros usuarios finales.<\/li>\n<li>Rastrear y analizar informaci\u00f3n personal estad\u00edstica no identificativa y agregada sobre el uso y el volumen de nuestros visitantes y clientes, y proporcionar dicha informaci\u00f3n personal a proveedores externos de an\u00e1lisis de datos.<\/li>\n<li>Para protegernos contra posibles fraudes, podemos verificar con terceros la informaci\u00f3n recogida en el Sitio. En el curso de dicha verificaci\u00f3n, podemos recibir informaci\u00f3n personal sobre usted de dichos servicios. En particular, si utiliza una tarjeta de cr\u00e9dito o d\u00e9bito para adquirir nuestros servicios, podemos utilizar servicios de autorizaci\u00f3n de tarjetas y detecci\u00f3n de fraudes para verificar que los datos y la direcci\u00f3n de su tarjeta coinciden con la informaci\u00f3n que nos facilit\u00f3 y que la tarjeta no ha sido declarada perdida o robada.<\/li>\n<li>Por reorganizaci\u00f3n directa o indirecta. Podemos compartir o transferir su informaci\u00f3n en el curso de cualquier proceso de reorganizaci\u00f3n directo o indirecto, incluyendo, pero no limitado a, fusiones, adquisiciones, desinversiones, quiebras y ventas de todos o parte de nuestros activos. Su informaci\u00f3n puede ser compartida tras la finalizaci\u00f3n de dicha transacci\u00f3n y\/o durante el proceso de evaluaci\u00f3n pendiente de transferencia. Si se transfiriera en tal caso, su informaci\u00f3n seguir\u00eda estando sujeta a esta Pol\u00edtica de Privacidad o a una pol\u00edtica de privacidad que, como m\u00ednimo, proteja su privacidad en igual medida que esta Pol\u00edtica de Privacidad.<\/li>\n<li>Con su consentimiento. Podemos compartir o divulgar informaci\u00f3n sobre usted si nos lo pide o autoriza a hacerlo, incluso interactuando intencionadamente con terceros en nuestros sitios. Adem\u00e1s, cuando usted decide compartir informaci\u00f3n en un foro p\u00fablico, esa informaci\u00f3n puede ser vista o recopilada por cualquiera, incluidos terceros que no se adhieran a nuestra Pol\u00edtica de Privacidad. No nos hacemos responsables de los acontecimientos derivados de la distribuci\u00f3n de cualquier informaci\u00f3n que decida compartir p\u00fablicamente a trav\u00e9s de nuestro Sitio.<\/li>\n<\/ul>\n<p>Tambi\u00e9n podemos agregar y\/o desidentificar informaci\u00f3n de forma que ya no est\u00e9 vinculada a usted. Esta Pol\u00edtica de Privacidad no limita nuestra capacidad de divulgar informaci\u00f3n agregada o desidentificada que no est\u00e9 vinculada a usted. Podemos utilizar y divulgar dicha informaci\u00f3n a nuestra discreci\u00f3n.<\/p>\n<p>Salvo en los casos descritos en esta Pol\u00edtica de privacidad o en el momento en que solicitamos la informaci\u00f3n personal, no utilizamos, compartimos ni revelamos de ning\u00fan otro modo su informaci\u00f3n personal a terceros.<\/p>\n<p>8. <b>Seguridad . <\/b> Aunque aplicamos medidas de seguridad en nuestro Sitio, tenga en cuenta que no se puede garantizar al 100% la seguridad de ninguna transmisi\u00f3n de datos por Internet. Usted tambi\u00e9n desempe\u00f1a un papel en la protecci\u00f3n de su informaci\u00f3n. En consecuencia, no podemos asegurar ni garantizar la seguridad de ninguna informaci\u00f3n que nos transmita y usted entiende que cualquier informaci\u00f3n que nos transfiera lo hace por su cuenta y riesgo. Si nos enteramos de una violaci\u00f3n de los sistemas de seguridad, podemos intentar notific\u00e1rselo electr\u00f3nicamente para que pueda tomar las medidas de protecci\u00f3n adecuadas. Al utilizar el Sitio o facilitarnos informaci\u00f3n personal, usted acepta que podamos comunicarnos con usted electr\u00f3nicamente en relaci\u00f3n con cuestiones de seguridad, privacidad y administrativas relacionadas con su uso del Sitio. Podemos publicar un aviso a trav\u00e9s de nuestro Sitio si se produce un fallo de seguridad. Tambi\u00e9n podemos enviarle un correo electr\u00f3nico a la direcci\u00f3n de correo electr\u00f3nico que nos haya facilitado en estas circunstancias. Dependiendo de d\u00f3nde viva, puede tener derecho legal a recibir notificaci\u00f3n de una violaci\u00f3n de seguridad por escrito.<\/p>\n<p>9.<b> Consentimiento para la transferencia.<\/b> Si visita nuestro Sitio desde un lugar situado fuera de EE.UU., su conexi\u00f3n puede realizarse a trav\u00e9s de y con servidores situados en EE.UU. Cualquier informaci\u00f3n que proporcione durante su visita ser\u00e1 procesada y mantenida en nuestro servidor y otros sistemas internos situados dentro de EE.UU. o de cualquier otra forma descrita. Usted reconoce que entiende que al proporcionarnos su informaci\u00f3n personal, su informaci\u00f3n personal (i) se utilizar\u00e1 para los usos identificados anteriormente de conformidad con la presente Pol\u00edtica de Privacidad, y (ii) podr\u00e1 ser transferida a EE.UU. seg\u00fan lo indicado anteriormente, de conformidad con la legislaci\u00f3n aplicable.<\/p>\n<p>10.<b> 10. Conservaci\u00f3n.<\/b> Cuando realice un pedido o proporcione informaci\u00f3n personal de cualquier otro modo a trav\u00e9s del Sitio, conservaremos su informaci\u00f3n personal en nuestros registros \u00fanicamente durante el tiempo necesario para cumplir el prop\u00f3sito para el que se recopil\u00f3 y de conformidad con las obligaciones legales.<\/p>\n<p>11. <b>11. Sitios web de terceros.<\/b> Ocasionalmente, a nuestra discreci\u00f3n, podemos incluir u ofrecer productos o servicios de terceros en nuestro Sitio, que pueden contener enlaces a otros sitios web. Estos sitios web de terceros tienen pol\u00edticas de privacidad separadas e independientes. Por lo tanto, no tenemos ninguna responsabilidad sobre el contenido y las actividades de estos sitios web enlazados, y le recomendamos que revise las pol\u00edticas de privacidad de estos sitios web de terceros.<\/p>\n<p>12.<b> Actualizaciones de la Pol\u00edtica de Privacidad.<\/b> Podemos actualizar esta Pol\u00edtica de Privacidad de vez en cuando. Siempre que hagamos un cambio, publicaremos la pol\u00edtica actualizada en este Sitio y le animamos a que compruebe nuestra pol\u00edtica peri\u00f3dicamente. Si realizamos un cambio material en esta Pol\u00edtica de Privacidad, continuaremos respetando nuestra pol\u00edtica anterior para la informaci\u00f3n que recopilamos cuando estaba en vigor, o se lo notificaremos publicando los cambios de forma destacada en nuestro Sitio o utilizando la informaci\u00f3n de contacto que tiene en nuestros archivos. Al continuar utilizando nuestro Sitio, acepta quedar vinculado por cualquier cambio o revisi\u00f3n que se realice en esta Pol\u00edtica de privacidad.<\/p>\n<p>13.<b> P\u00f3ngase en contacto con nosotros.<\/b> Si tiene alguna pregunta o duda sobre esta Pol\u00edtica de Privacidad, p\u00f3ngase en contacto con nosotros en:<\/p>\n<p>Rev Pharma<br \/>153 SW 22nd Road<br \/>Miami, FL 33129<\/p>\n<p><a href=\"mailto:CustomerService@curefini.com\">CustomerService@curefini.com<\/a><\/p>\n\t\t\t\t\t\t\t\t<\/div>\n\t\t\t\t<\/div>\n\t\t\t\t\t<\/div>\n\t\t<\/div>\n\t\t\t\t\t<\/div>\n\t\t<\/section>\n\t\t\t\t<\/div>\n\t\t","protected":false},"excerpt":{"rendered":"<p>Pol\u00edtica de privacidad \u00daltima actualizaci\u00f3n: 23 de febrero de 2021 Rev Pharma, LLC (\u00abRev Pharma\u00bb, \u00abnosotros\u00bb, \u00abnuestro\u00bb, \u00abnos\u00bb) respeta los&#8230;<\/p>\n","protected":false},"author":1,"featured_media":0,"parent":0,"menu_order":0,"comment_status":"closed","ping_status":"closed","template":"","meta":{"footnotes":""},"class_list":["post-1839","page","type-page","status-publish","hentry"],"aioseo_notices":[],"_links":{"self":[{"href":"https:\/\/curefini.com\/es\/wp-json\/wp\/v2\/pages\/1839","targetHints":{"allow":["GET"]}}],"collection":[{"href":"https:\/\/curefini.com\/es\/wp-json\/wp\/v2\/pages"}],"about":[{"href":"https:\/\/curefini.com\/es\/wp-json\/wp\/v2\/types\/page"}],"author":[{"embeddable":true,"href":"https:\/\/curefini.com\/es\/wp-json\/wp\/v2\/users\/1"}],"replies":[{"embeddable":true,"href":"https:\/\/curefini.com\/es\/wp-json\/wp\/v2\/comments?post=1839"}],"version-history":[{"count":1,"href":"https:\/\/curefini.com\/es\/wp-json\/wp\/v2\/pages\/1839\/revisions"}],"predecessor-version":[{"id":1840,"href":"https:\/\/curefini.com\/es\/wp-json\/wp\/v2\/pages\/1839\/revisions\/1840"}],"wp:attachment":[{"href":"https:\/\/curefini.com\/es\/wp-json\/wp\/v2\/media?parent=1839"}],"curies":[{"name":"wp","href":"https:\/\/api.w.org\/{rel}","templated":true}]}}