{"id":1800,"date":"2022-10-06T07:55:56","date_gmt":"2022-10-06T14:55:56","guid":{"rendered":"https:\/\/curefini.com\/nosotros\/"},"modified":"2023-01-12T07:19:03","modified_gmt":"2023-01-12T15:19:03","slug":"nosotros","status":"publish","type":"page","link":"https:\/\/curefini.com\/es\/nosotros\/","title":{"rendered":"Nosotros"},"content":{"rendered":"\t\t<div data-elementor-type=\"wp-page\" data-elementor-id=\"1800\" class=\"elementor elementor-1800 elementor-128\" data-elementor-post-type=\"page\">\n\t\t\t\t\t\t<section class=\"elementor-section elementor-top-section elementor-element elementor-element-12b1f21 elementor-section-content-middle elementor-section-boxed elementor-section-height-default elementor-section-height-default\" data-id=\"12b1f21\" data-element_type=\"section\">\n\t\t\t\t\t\t<div class=\"elementor-container elementor-column-gap-wider\">\n\t\t\t\t\t<div class=\"elementor-column elementor-col-50 elementor-top-column elementor-element elementor-element-a96bea8\" data-id=\"a96bea8\" data-element_type=\"column\">\n\t\t\t<div class=\"elementor-widget-wrap elementor-element-populated\">\n\t\t\t\t\t\t<div class=\"elementor-element elementor-element-2b05c33 elementor-widget elementor-widget-heading\" data-id=\"2b05c33\" data-element_type=\"widget\" data-widget_type=\"heading.default\">\n\t\t\t\t<div class=\"elementor-widget-container\">\n\t\t\t\t\t<h2 class=\"elementor-heading-title elementor-size-default\">Nuestro compromiso<\/h2>\t\t\t\t<\/div>\n\t\t\t\t<\/div>\n\t\t\t\t<div class=\"elementor-element elementor-element-3192196 elementor-widget elementor-widget-text-editor\" data-id=\"3192196\" data-element_type=\"widget\" data-widget_type=\"text-editor.default\">\n\t\t\t\t<div class=\"elementor-widget-container\">\n\t\t\t\t\t\t\t\t\t<p>Apoyamos a la Dystrophic Epidermolysis Bullosa Research Association, DEBRA, en su compromiso por mejorar la vida de las personas que padecen EB.<\/p>\n<p>DEBRA es una organizaci\u00f3n sin fines de lucro dedicada a mejorar la calidad de vida de todas las personas que viven con EB, proporcionando programas y servicios gratuitos a la Comunidad EB en los Estados Unidos y financiando la investigaci\u00f3n m\u00e1s innovadora dirigida al alivio de los s\u00edntomas y a una cura sist\u00e9mica.<\/p>\n<p>Apoyamos a la National Eczema Association, NEA, en su visi\u00f3n de un mundo sin eczema.<\/p>\n<p>La National Eczema Association (NEA) es una organizaci\u00f3n sin fines de lucro, 501(c)(3). NEA es la fuerza motriz de una comunidad del eccema alimentada por el conocimiento, fortalecida por la acci\u00f3n colectiva e impulsada por la promesa de un futuro mejor.<\/p>\t\t\t\t\t\t\t\t<\/div>\n\t\t\t\t<\/div>\n\t\t\t\t\t<\/div>\n\t\t<\/div>\n\t\t\t\t<div class=\"elementor-column elementor-col-50 elementor-top-column elementor-element elementor-element-0de5be2\" data-id=\"0de5be2\" data-element_type=\"column\" data-settings=\"{&quot;background_background&quot;:&quot;classic&quot;}\">\n\t\t\t<div class=\"elementor-widget-wrap elementor-element-populated\">\n\t\t\t\t\t\t<div class=\"elementor-element elementor-element-183e6e5 elementor-widget elementor-widget-text-editor\" data-id=\"183e6e5\" data-element_type=\"widget\" data-widget_type=\"text-editor.default\">\n\t\t\t\t<div class=\"elementor-widget-container\">\n\t\t\t\t\t\t\t\t\t<p><img decoding=\"async\" class=\"aligncenter wp-image-82 size-full\" src=\"https:\/\/curefini.com\/wp-content\/uploads\/Debra_Logo_tagline.png\" alt=\"\" width=\"250\" srcset=\"https:\/\/curefini.com\/wp-content\/uploads\/Debra_Logo_tagline.png 909w, https:\/\/curefini.com\/wp-content\/uploads\/Debra_Logo_tagline-800x423.png 800w, https:\/\/curefini.com\/wp-content\/uploads\/Debra_Logo_tagline-768x406.png 768w, https:\/\/curefini.com\/wp-content\/uploads\/Debra_Logo_tagline-300x159.png 300w, https:\/\/curefini.com\/wp-content\/uploads\/Debra_Logo_tagline-600x317.png 600w\" sizes=\"(max-width: 909px) 100vw, 909px\" \/><\/p>\n\t\t\t\t\t\t\t\t<\/div>\n\t\t\t\t<\/div>\n\t\t\t\t<div class=\"elementor-element elementor-element-3f2a4a0 elementor-widget elementor-widget-text-editor\" data-id=\"3f2a4a0\" data-element_type=\"widget\" data-widget_type=\"text-editor.default\">\n\t\t\t\t<div class=\"elementor-widget-container\">\n\t\t\t\t\t\t\t\t\t<p><img decoding=\"async\" class=\"aligncenter size-full wp-image-85\" src=\"https:\/\/curefini.com\/wp-content\/uploads\/nea-logo.svg\" alt=\"\" width=\"250\"><\/p>\n\t\t\t\t\t\t\t\t<\/div>\n\t\t\t\t<\/div>\n\t\t\t\t\t<\/div>\n\t\t<\/div>\n\t\t\t\t\t<\/div>\n\t\t<\/section>\n\t\t\t\t<section class=\"elementor-section elementor-top-section elementor-element elementor-element-daa0f7a elementor-section-boxed elementor-section-height-default elementor-section-height-default\" data-id=\"daa0f7a\" data-element_type=\"section\">\n\t\t\t\t\t\t<div class=\"elementor-container elementor-column-gap-wider\">\n\t\t\t\t\t<div class=\"elementor-column elementor-col-50 elementor-top-column elementor-element elementor-element-ccf6059\" data-id=\"ccf6059\" data-element_type=\"column\">\n\t\t\t<div class=\"elementor-widget-wrap elementor-element-populated\">\n\t\t\t\t\t\t<div class=\"elementor-element elementor-element-5c03f69 elementor-widget elementor-widget-heading\" data-id=\"5c03f69\" data-element_type=\"widget\" data-widget_type=\"heading.default\">\n\t\t\t\t<div class=\"elementor-widget-container\">\n\t\t\t\t\t<h2 class=\"elementor-heading-title elementor-size-default\">Nosotros<\/h2>\t\t\t\t<\/div>\n\t\t\t\t<\/div>\n\t\t\t\t<div class=\"elementor-element elementor-element-b6e10c4 elementor-widget elementor-widget-text-editor\" data-id=\"b6e10c4\" data-element_type=\"widget\" data-widget_type=\"text-editor.default\">\n\t\t\t\t<div class=\"elementor-widget-container\">\n\t\t\t\t\t\t\t\t\t<p>En REV Pharma, nuestra misi\u00f3n es mejorar la vida de los pacientes y sus familias mediante el desarrollo de terapias innovadoras y eficaces para el tratamiento de heridas y el cuidado de la piel. Nuestro objetivo es proporcionar a los profesionales sanitarios que tratan afecciones dermatol\u00f3gicas productos eficaces y bien tolerados. Curefini Ung\u00fcento y Crema son el resultado de a\u00f1os de fuerte compromiso de REV Pharma con la investigaci\u00f3n y el desarrollo, en estrecha colaboraci\u00f3n con l\u00edderes mundiales del pensamiento y profesionales sanitarios en ejercicio. Curefini, en sus diferentes presentaciones de Ung\u00fcento y Crema, se ha utilizado en entornos cl\u00ednicos y no cl\u00ednicos en el tratamiento de lesiones cut\u00e1neas y de los signos y s\u00edntomas de un amplio espectro de afecciones dermatol\u00f3gicas.<\/p>\n<p>Sus f\u00f3rmulas patentadas se basan en una combinaci\u00f3n \u00f3ptima y sin\u00e9rgica de ingredientes naturales para una eficacia excelente. Ung\u00fcento y Crema Curefini. <\/p>\n\t\t\t\t\t\t\t\t<\/div>\n\t\t\t\t<\/div>\n\t\t\t\t\t<\/div>\n\t\t<\/div>\n\t\t\t\t<div class=\"elementor-column elementor-col-50 elementor-top-column elementor-element elementor-element-685bcaa\" data-id=\"685bcaa\" data-element_type=\"column\" data-settings=\"{&quot;background_background&quot;:&quot;classic&quot;}\">\n\t\t\t<div class=\"elementor-widget-wrap elementor-element-populated\">\n\t\t\t\t\t\t<div class=\"elementor-element elementor-element-7aa4c3f elementor-widget elementor-widget-image\" data-id=\"7aa4c3f\" data-element_type=\"widget\" data-widget_type=\"image.default\">\n\t\t\t\t<div class=\"elementor-widget-container\">\n\t\t\t\t\t\t\t\t\t\t\t\t\t\t\t<img fetchpriority=\"high\" decoding=\"async\" width=\"1200\" height=\"744\" src=\"https:\/\/curefini.com\/wp-content\/uploads\/curefini-nosotros-1.jpg\" class=\"attachment-large size-large wp-image-720\" alt=\"\" srcset=\"https:\/\/curefini.com\/wp-content\/uploads\/curefini-nosotros-1.jpg 1200w, https:\/\/curefini.com\/wp-content\/uploads\/curefini-nosotros-1-800x496.jpg 800w, https:\/\/curefini.com\/wp-content\/uploads\/curefini-nosotros-1-768x476.jpg 768w, https:\/\/curefini.com\/wp-content\/uploads\/curefini-nosotros-1-300x186.jpg 300w, https:\/\/curefini.com\/wp-content\/uploads\/curefini-nosotros-1-600x372.jpg 600w\" sizes=\"(max-width: 1200px) 100vw, 1200px\" \/>\t\t\t\t\t\t\t\t\t\t\t\t\t\t\t<\/div>\n\t\t\t\t<\/div>\n\t\t\t\t\t<\/div>\n\t\t<\/div>\n\t\t\t\t\t<\/div>\n\t\t<\/section>\n\t\t\t\t<\/div>\n\t\t","protected":false},"excerpt":{"rendered":"<p>Nuestro compromiso Apoyamos a la Dystrophic Epidermolysis Bullosa Research Association, DEBRA, en su compromiso por mejorar la vida de las&#8230;<\/p>\n","protected":false},"author":1,"featured_media":0,"parent":0,"menu_order":0,"comment_status":"closed","ping_status":"closed","template":"","meta":{"footnotes":""},"class_list":["post-1800","page","type-page","status-publish","hentry"],"aioseo_notices":[],"_links":{"self":[{"href":"https:\/\/curefini.com\/es\/wp-json\/wp\/v2\/pages\/1800","targetHints":{"allow":["GET"]}}],"collection":[{"href":"https:\/\/curefini.com\/es\/wp-json\/wp\/v2\/pages"}],"about":[{"href":"https:\/\/curefini.com\/es\/wp-json\/wp\/v2\/types\/page"}],"author":[{"embeddable":true,"href":"https:\/\/curefini.com\/es\/wp-json\/wp\/v2\/users\/1"}],"replies":[{"embeddable":true,"href":"https:\/\/curefini.com\/es\/wp-json\/wp\/v2\/comments?post=1800"}],"version-history":[{"count":2,"href":"https:\/\/curefini.com\/es\/wp-json\/wp\/v2\/pages\/1800\/revisions"}],"predecessor-version":[{"id":1802,"href":"https:\/\/curefini.com\/es\/wp-json\/wp\/v2\/pages\/1800\/revisions\/1802"}],"wp:attachment":[{"href":"https:\/\/curefini.com\/es\/wp-json\/wp\/v2\/media?parent=1800"}],"curies":[{"name":"wp","href":"https:\/\/api.w.org\/{rel}","templated":true}]}}